{"id":122,"date":"2020-11-13T12:57:27","date_gmt":"2020-11-13T10:57:27","guid":{"rendered":"https:\/\/skolnet.fi\/?page_id=122"},"modified":"2025-02-07T08:47:34","modified_gmt":"2025-02-07T08:47:34","slug":"tietosuojaseloste","status":"publish","type":"page","link":"https:\/\/skolnet.fi\/?page_id=122","title":{"rendered":"Tietosuojaseloste"},"content":{"rendered":"\n<p>EU:n tietosuoja-asetus koskee kaikkia organisaatioita, jotka k\u00e4sittelev\u00e4t henkil\u00f6tietoja k\u00e4sittelij\u00f6in\u00e4 ja\/tai rekisterinpit\u00e4jin\u00e4 niin yksityisell\u00e4 kuin julkisella sektorilla. Vaatimus on voimassa riippumatta miten paljon ja mill\u00e4 tavalla henkil\u00f6tietoja k\u00e4sitell\u00e4\u00e4n. Tietosuoja-asetusta sovelletaan sek\u00e4 yksitt\u00e4iseen henkil\u00f6tietojen k\u00e4sittelyyn ett\u00e4 silloin kun henkil\u00f6tiedot muodostavat rekisterin. Asetus tulee voimaan 25.5.2018. (Oikeusministeri\u00f6 2017, 9). EU:n tietosuoja-asetus koskee Suomen Kasvatustieteiden Opiskelijoiden Liitto ry:t\u00e4 ja sen toteuttamisesta toiminnassa on luotu periaatteet.<\/p>\n\n\n\n<p>Suomen Kasvatustieteiden Opiskelijoiden Liitto ry:ll\u00e4 ei ole henkil\u00f6j\u00e4seni\u00e4, joten j\u00e4senrekisteri\u00e4 ei ole. Liitto ei my\u00f6sk\u00e4\u00e4n ker\u00e4\u00e4 j\u00e4senj\u00e4rjest\u00f6ilt\u00e4\u00e4n henkil\u00f6tietoja. Suomen Kasvatustieteiden Opiskelijoiden Liitto ry ker\u00e4\u00e4 kuitenkin henkil\u00f6tietoja tapahtumarekisteriin tapahtumailmoittautumisten yhteydess\u00e4. Tapahtumien yhteydess\u00e4 yksitt\u00e4isten henkil\u00f6iden luovuttamat tiedot k\u00e4sitell\u00e4\u00e4n EU:n yleisen tietosuoja-asetuksen ja tietosuojalain mukaisesti.<\/p>\n\n\n\n<p><strong>Tapahtumarekisteri<\/strong><\/p>\n\n\n\n<p>Tapahtumarekisteri on tapahtumakohtainen v\u00e4liaikainen henkil\u00f6tietorekisteri, joka on v\u00e4ltt\u00e4m\u00e4t\u00f6n tapahtumien j\u00e4rjest\u00e4miseen. Sen henkil\u00f6tietoja voi k\u00e4sitell\u00e4 ainoastaan liiton vastuuhenkil\u00f6t ja luottamuksellisesti mahdolliset yhteisty\u00f6kumppanit. Tietoja luovutetaan kolmansille osapuolille vain jos se on tapahtuman toteutuksen kannalta v\u00e4ltt\u00e4m\u00e4t\u00f6nt\u00e4. Tapahtumarekisterin tiedot poistetaan siin\u00e4 vaiheessa, kun niiden ei voida katsoa olevan en\u00e4\u00e4 tarpeellisia tapahtuman osalta, mihin tiedot on ker\u00e4tty. Tapahtumarekisteri poistetaan kuitenkin viimeist\u00e4\u00e4n kahden kuukauden kuluttua tapahtumasta, ellei toisin ilmoiteta etuk\u00e4teen. Tapahtumarekisteri\u00e4 s\u00e4ilytet\u00e4\u00e4n Suomen Kasvatustieteiden Opiskelijoiden Liitto ry:n hallituksen Google Drivessa ja tarvittaessa hallitusten j\u00e4senten henkil\u00f6kohtaisilla tietokoneilla, jos he j\u00e4rjest\u00e4v\u00e4t kyseist\u00e4 tapahtumaa.<\/p>\n\n\n\n<p><strong>Henkil\u00f6n oikeus pyyt\u00e4\u00e4 ja korjata tietonsa <\/strong><\/p>\n\n\n\n<p>Yksityishenkil\u00f6ll\u00e4 on oikeus pyyt\u00e4\u00e4 Suomen Kasvatustieteiden Opiskelijoiden Liitto ry:n toimesta h\u00e4nest\u00e4 tallennetut henkil\u00f6tiedot tapahtumarekisteriss\u00e4. H\u00e4n voi my\u00f6s vaatia puutteellisen tiedon t\u00e4ydent\u00e4mist\u00e4 tai mahdollisen virheellisen tiedon korjaamista. Pyynt\u00f6 tulee l\u00e4hett\u00e4\u00e4 s\u00e4hk\u00f6postitse esimerkiksi excel-taulukossa rekisterinpit\u00e4j\u00e4lle ja se toteutetaan kuukauden sis\u00e4ll\u00e4 sen vastaanottamisesta. Tarvittaessa pyynn\u00f6n esitt\u00e4j\u00e4\u00e4 voidaan pyyt\u00e4\u00e4 todistamaan henkil\u00f6llisyytens\u00e4.<\/p>\n\n\n\n<p><strong>Tietosuojan tekninen varmistaminen ja mahdolliset tietoturvavuodot<\/strong><\/p>\n\n\n\n<p>Tapahtumarekisteri\u00e4 s\u00e4ilytet\u00e4\u00e4n ulkoisen palveluntarjoajan internet-palvelimella ja p\u00e4\u00e4sy tietoihin on rajoitettu salasanalla. Tietoturvavuodon sattuessa asiasta ilmoitetaan asianomaisille sek\u00e4 viranomaisille. Vuodon syy pyrit\u00e4\u00e4n korjaamaan mahdollisimman nopeasti.<\/p>\n","protected":false},"excerpt":{"rendered":"<p>EU:n tietosuoja-asetus koskee kaikkia organisaatioita, jotka k\u00e4sittelev\u00e4t henkil\u00f6tietoja k\u00e4sittelij\u00f6in\u00e4 ja\/tai rekisterinpit\u00e4jin\u00e4 niin yksityisell\u00e4 kuin julkisella sektorilla. Vaatimus on voimassa riippumatta miten paljon ja mill\u00e4 tavalla henkil\u00f6tietoja k\u00e4sitell\u00e4\u00e4n. Tietosuoja-asetusta sovelletaan sek\u00e4 yksitt\u00e4iseen henkil\u00f6tietojen k\u00e4sittelyyn ett\u00e4 silloin kun henkil\u00f6tiedot muodostavat rekisterin. Asetus tulee voimaan 25.5.2018. (Oikeusministeri\u00f6 2017, 9). EU:n tietosuoja-asetus koskee Suomen Kasvatustieteiden Opiskelijoiden Liitto ry:t\u00e4 ja [&hellip;]<\/p>\n","protected":false},"author":2,"featured_media":0,"parent":0,"menu_order":0,"comment_status":"closed","ping_status":"closed","template":"","meta":{"_themeisle_gutenberg_block_has_review":false,"footnotes":""},"class_list":["post-122","page","type-page","status-publish","hentry"],"_links":{"self":[{"href":"https:\/\/skolnet.fi\/index.php?rest_route=\/wp\/v2\/pages\/122","targetHints":{"allow":["GET"]}}],"collection":[{"href":"https:\/\/skolnet.fi\/index.php?rest_route=\/wp\/v2\/pages"}],"about":[{"href":"https:\/\/skolnet.fi\/index.php?rest_route=\/wp\/v2\/types\/page"}],"author":[{"embeddable":true,"href":"https:\/\/skolnet.fi\/index.php?rest_route=\/wp\/v2\/users\/2"}],"replies":[{"embeddable":true,"href":"https:\/\/skolnet.fi\/index.php?rest_route=%2Fwp%2Fv2%2Fcomments&post=122"}],"version-history":[{"count":2,"href":"https:\/\/skolnet.fi\/index.php?rest_route=\/wp\/v2\/pages\/122\/revisions"}],"predecessor-version":[{"id":3098,"href":"https:\/\/skolnet.fi\/index.php?rest_route=\/wp\/v2\/pages\/122\/revisions\/3098"}],"wp:attachment":[{"href":"https:\/\/skolnet.fi\/index.php?rest_route=%2Fwp%2Fv2%2Fmedia&parent=122"}],"curies":[{"name":"wp","href":"https:\/\/api.w.org\/{rel}","templated":true}]}}