{"id":1248,"date":"2022-01-19T18:09:09","date_gmt":"2022-01-19T16:09:09","guid":{"rendered":"https:\/\/skolnet.fi\/?page_id=1248"},"modified":"2026-01-11T12:57:52","modified_gmt":"2026-01-11T10:57:52","slug":"hallitus","status":"publish","type":"page","link":"https:\/\/skolnet.fi\/?page_id=1248","title":{"rendered":"Hallitus"},"content":{"rendered":"\n<h2 class=\"wp-block-heading\">Vuoden 2026 hallitus<\/h2>\n\n\n\n<p>Ota yhteytt\u00e4 koko hallitukseen skol.hallitus@gmail.com<\/p>\n\n\n\n<p><\/p>\n\n\n\n<div class=\"wp-block-columns is-layout-flex wp-container-core-columns-is-layout-28f84493 wp-block-columns-is-layout-flex\">\n<div class=\"wp-block-column is-layout-flow wp-block-column-is-layout-flow\">\n<h3 class=\"wp-block-heading\">Piia Prusila<\/h3>\n\n\n\n<h4 class=\"wp-block-heading has-normal-font-size\">Puheenjohtaja ja kaupunkiyhteisty\u00f6vastaava<\/h4>\n\n\n\n<figure class=\"wp-block-image size-large\"><img loading=\"lazy\" decoding=\"async\" width=\"1920\" height=\"2560\" src=\"https:\/\/skolnet.fi\/wp-content\/uploads\/2026\/01\/1000067319-edited-scaled.jpg\" alt=\"\" class=\"wp-image-3780\" style=\"aspect-ratio:3\/4;object-fit:cover\" srcset=\"https:\/\/skolnet.fi\/wp-content\/uploads\/2026\/01\/1000067319-edited-scaled.jpg 1920w, https:\/\/skolnet.fi\/wp-content\/uploads\/2026\/01\/1000067319-edited-225x300.jpg 225w, https:\/\/skolnet.fi\/wp-content\/uploads\/2026\/01\/1000067319-edited-768x1024.jpg 768w, https:\/\/skolnet.fi\/wp-content\/uploads\/2026\/01\/1000067319-edited-1152x1536.jpg 1152w, https:\/\/skolnet.fi\/wp-content\/uploads\/2026\/01\/1000067319-edited-1536x2048.jpg 1536w\" sizes=\"auto, (max-width: 1920px) 100vw, 1920px\" \/><figcaption class=\"wp-element-caption\">skol.puheenjohtaja@gmail.com<\/figcaption><\/figure>\n<\/div>\n\n\n\n<div class=\"wp-block-column is-layout-flow wp-block-column-is-layout-flow\">\n<h3 class=\"wp-block-heading\">S\u00e4de Saari<\/h3>\n\n\n\n<h4 class=\"wp-block-heading has-normal-font-size\">Varapuheenjohtaja ja talousvastaava<\/h4>\n\n\n\n<figure class=\"wp-block-image size-full\"><img loading=\"lazy\" decoding=\"async\" width=\"1536\" height=\"2048\" src=\"https:\/\/skolnet.fi\/wp-content\/uploads\/2026\/01\/1000073640-1.jpg\" alt=\"\" class=\"wp-image-3777\" style=\"aspect-ratio:3\/4;object-fit:cover\" srcset=\"https:\/\/skolnet.fi\/wp-content\/uploads\/2026\/01\/1000073640-1.jpg 1536w, https:\/\/skolnet.fi\/wp-content\/uploads\/2026\/01\/1000073640-1-225x300.jpg 225w, https:\/\/skolnet.fi\/wp-content\/uploads\/2026\/01\/1000073640-1-768x1024.jpg 768w, https:\/\/skolnet.fi\/wp-content\/uploads\/2026\/01\/1000073640-1-1152x1536.jpg 1152w\" sizes=\"auto, (max-width: 1536px) 100vw, 1536px\" \/><figcaption class=\"wp-element-caption\">skol.talousvastaava@gmail.com<\/figcaption><\/figure>\n<\/div>\n\n\n\n<div class=\"wp-block-column is-layout-flow wp-block-column-is-layout-flow\">\n<h3 class=\"wp-block-heading\">Mirella R\u00e4is\u00e4nen<\/h3>\n\n\n\n<h4 class=\"wp-block-heading has-normal-font-size\">Sihteeri ja podcast-vastaava<\/h4>\n\n\n\n<figure class=\"wp-block-image size-full\"><img loading=\"lazy\" decoding=\"async\" width=\"1200\" height=\"1600\" src=\"https:\/\/skolnet.fi\/wp-content\/uploads\/2026\/01\/1000073684.jpg\" alt=\"\" class=\"wp-image-3778\" style=\"aspect-ratio:3\/4;object-fit:cover\" srcset=\"https:\/\/skolnet.fi\/wp-content\/uploads\/2026\/01\/1000073684.jpg 1200w, https:\/\/skolnet.fi\/wp-content\/uploads\/2026\/01\/1000073684-225x300.jpg 225w, https:\/\/skolnet.fi\/wp-content\/uploads\/2026\/01\/1000073684-768x1024.jpg 768w, https:\/\/skolnet.fi\/wp-content\/uploads\/2026\/01\/1000073684-1152x1536.jpg 1152w\" sizes=\"auto, (max-width: 1200px) 100vw, 1200px\" \/><\/figure>\n<\/div>\n<\/div>\n\n\n\n<p class=\"has-small-font-size\"><\/p>\n\n\n\n<p><\/p>\n\n\n\n<div class=\"wp-block-columns is-layout-flex wp-container-core-columns-is-layout-28f84493 wp-block-columns-is-layout-flex\">\n<div class=\"wp-block-column is-vertically-aligned-top is-layout-flow wp-block-column-is-layout-flow\">\n<h3 class=\"wp-block-heading\">Valtteri S\u00e4yn\u00e4j\u00e4kangas<\/h3>\n\n\n\n<h4 class=\"wp-block-heading has-normal-font-size\">Edunvalvonta- ja yhdenvertaisuusvastaava<\/h4>\n\n\n\n<figure class=\"wp-block-image size-full\"><img loading=\"lazy\" decoding=\"async\" width=\"1642\" height=\"2186\" src=\"https:\/\/skolnet.fi\/wp-content\/uploads\/2026\/01\/1000073691.jpg\" alt=\"\" class=\"wp-image-3784\" style=\"aspect-ratio:3\/4;object-fit:cover\" srcset=\"https:\/\/skolnet.fi\/wp-content\/uploads\/2026\/01\/1000073691.jpg 1642w, https:\/\/skolnet.fi\/wp-content\/uploads\/2026\/01\/1000073691-225x300.jpg 225w, https:\/\/skolnet.fi\/wp-content\/uploads\/2026\/01\/1000073691-769x1024.jpg 769w, https:\/\/skolnet.fi\/wp-content\/uploads\/2026\/01\/1000073691-768x1022.jpg 768w, https:\/\/skolnet.fi\/wp-content\/uploads\/2026\/01\/1000073691-1154x1536.jpg 1154w, https:\/\/skolnet.fi\/wp-content\/uploads\/2026\/01\/1000073691-1538x2048.jpg 1538w\" sizes=\"auto, (max-width: 1642px) 100vw, 1642px\" \/><\/figure>\n<\/div>\n\n\n\n<div class=\"wp-block-column is-vertically-aligned-stretch is-layout-constrained wp-block-column-is-layout-constrained\">\n<h3 class=\"wp-block-heading\">Maria Tuuliainen<\/h3>\n\n\n\n<h4 class=\"wp-block-heading has-normal-font-size\">Risteily- ja KAAOS- vastaava<\/h4>\n\n\n\n<figure class=\"wp-block-image aligncenter size-full\"><img loading=\"lazy\" decoding=\"async\" width=\"1137\" height=\"1705\" src=\"https:\/\/skolnet.fi\/wp-content\/uploads\/2026\/01\/1000073646-edited.jpg\" alt=\"\" class=\"wp-image-3783\" style=\"aspect-ratio:3\/4;object-fit:cover\" srcset=\"https:\/\/skolnet.fi\/wp-content\/uploads\/2026\/01\/1000073646-edited.jpg 1137w, https:\/\/skolnet.fi\/wp-content\/uploads\/2026\/01\/1000073646-edited-200x300.jpg 200w, https:\/\/skolnet.fi\/wp-content\/uploads\/2026\/01\/1000073646-edited-683x1024.jpg 683w, https:\/\/skolnet.fi\/wp-content\/uploads\/2026\/01\/1000073646-edited-768x1152.jpg 768w, https:\/\/skolnet.fi\/wp-content\/uploads\/2026\/01\/1000073646-edited-1024x1536.jpg 1024w\" sizes=\"auto, (max-width: 1137px) 100vw, 1137px\" \/><\/figure>\n\n\n\n<div style=\"height:60px\" aria-hidden=\"true\" class=\"wp-block-spacer\"><\/div>\n<\/div>\n\n\n\n<div class=\"wp-block-column is-vertically-aligned-top is-layout-flow wp-block-column-is-layout-flow\">\n<div class=\"wp-block-columns is-layout-flex wp-container-core-columns-is-layout-28f84493 wp-block-columns-is-layout-flex\">\n<div class=\"wp-block-column is-layout-flow wp-block-column-is-layout-flow\" style=\"flex-basis:100%\">\n<h3 class=\"wp-block-heading\">Anni Harju<\/h3>\n<\/div>\n<\/div>\n\n\n\n<h4 class=\"wp-block-heading has-normal-font-size\">Ty\u00f6el\u00e4m\u00e4- ja yritysyhteisty\u00f6vastaava<\/h4>\n\n\n\n<figure class=\"wp-block-image size-full\"><img loading=\"lazy\" decoding=\"async\" width=\"1598\" height=\"2048\" src=\"https:\/\/skolnet.fi\/wp-content\/uploads\/2026\/01\/1000073687.jpg\" alt=\"\" class=\"wp-image-3781\" style=\"aspect-ratio:3\/4;object-fit:cover\" srcset=\"https:\/\/skolnet.fi\/wp-content\/uploads\/2026\/01\/1000073687.jpg 1598w, https:\/\/skolnet.fi\/wp-content\/uploads\/2026\/01\/1000073687-234x300.jpg 234w, https:\/\/skolnet.fi\/wp-content\/uploads\/2026\/01\/1000073687-799x1024.jpg 799w, https:\/\/skolnet.fi\/wp-content\/uploads\/2026\/01\/1000073687-768x984.jpg 768w, https:\/\/skolnet.fi\/wp-content\/uploads\/2026\/01\/1000073687-1199x1536.jpg 1199w\" sizes=\"auto, (max-width: 1598px) 100vw, 1598px\" \/><\/figure>\n<\/div>\n<\/div>\n\n\n\n<div class=\"wp-block-columns is-layout-flex wp-container-core-columns-is-layout-e0e4babd wp-block-columns-is-layout-flex\" style=\"padding-right:0;padding-left:0\">\n<div class=\"wp-block-column is-layout-flow wp-block-column-is-layout-flow\">\n<h3 class=\"wp-block-heading\">Julia Karhu<\/h3>\n\n\n\n<h4 class=\"wp-block-heading has-normal-font-size\">Ty\u00f6el\u00e4m\u00e4- ja podcast-vastaava<\/h4>\n\n\n\n<figure class=\"wp-block-image size-full is-resized\"><img loading=\"lazy\" decoding=\"async\" width=\"2560\" height=\"1920\" src=\"https:\/\/skolnet.fi\/wp-content\/uploads\/2026\/01\/20250407_182732-1-scaled.jpg\" alt=\"\" class=\"wp-image-3785\" style=\"aspect-ratio:0.75;object-fit:cover;width:215px\" srcset=\"https:\/\/skolnet.fi\/wp-content\/uploads\/2026\/01\/20250407_182732-1-scaled.jpg 2560w, https:\/\/skolnet.fi\/wp-content\/uploads\/2026\/01\/20250407_182732-1-300x225.jpg 300w, https:\/\/skolnet.fi\/wp-content\/uploads\/2026\/01\/20250407_182732-1-1024x768.jpg 1024w, https:\/\/skolnet.fi\/wp-content\/uploads\/2026\/01\/20250407_182732-1-768x576.jpg 768w, https:\/\/skolnet.fi\/wp-content\/uploads\/2026\/01\/20250407_182732-1-1536x1152.jpg 1536w, https:\/\/skolnet.fi\/wp-content\/uploads\/2026\/01\/20250407_182732-1-2048x1536.jpg 2048w\" sizes=\"auto, (max-width: 2560px) 100vw, 2560px\" \/><\/figure>\n<\/div>\n\n\n\n<div class=\"wp-block-column is-layout-flow wp-block-column-is-layout-flow\">\n<h3 class=\"wp-block-heading\">Sanni Ij\u00e4s<\/h3>\n\n\n\n<h4 class=\"wp-block-heading has-normal-font-size\">Viestint\u00e4vastaava<\/h4>\n\n\n\n<figure class=\"wp-block-image size-full is-resized\"><img loading=\"lazy\" decoding=\"async\" width=\"1152\" height=\"2048\" src=\"https:\/\/skolnet.fi\/wp-content\/uploads\/2026\/01\/1000073643-1.jpg\" alt=\"\" class=\"wp-image-3786\" style=\"aspect-ratio:3\/4;object-fit:cover;width:215px;height:auto\" srcset=\"https:\/\/skolnet.fi\/wp-content\/uploads\/2026\/01\/1000073643-1.jpg 1152w, https:\/\/skolnet.fi\/wp-content\/uploads\/2026\/01\/1000073643-1-169x300.jpg 169w, https:\/\/skolnet.fi\/wp-content\/uploads\/2026\/01\/1000073643-1-576x1024.jpg 576w, https:\/\/skolnet.fi\/wp-content\/uploads\/2026\/01\/1000073643-1-768x1365.jpg 768w, https:\/\/skolnet.fi\/wp-content\/uploads\/2026\/01\/1000073643-1-864x1536.jpg 864w\" sizes=\"auto, (max-width: 1152px) 100vw, 1152px\" \/><\/figure>\n<\/div>\n<\/div>\n\n\n\n<div style=\"height:60px\" aria-hidden=\"true\" class=\"wp-block-spacer\"><\/div>\n\n\n\n<h2 class=\"wp-block-heading\">Toimihenkil\u00f6t 2026<\/h2>\n\n\n\n<div class=\"wp-block-columns is-layout-flex wp-container-core-columns-is-layout-28f84493 wp-block-columns-is-layout-flex\">\n<div class=\"wp-block-column is-layout-flow wp-block-column-is-layout-flow\">\n<p>Maija Huovila, risteilytoimihenkil\u00f6<\/p>\n\n\n\n<p>Pinja Tirkkonen, risteilytoimihenkil\u00f6<\/p>\n<\/div>\n<\/div>\n\n\n\n<p><\/p>\n\n\n\n<div class=\"wp-block-buttons is-layout-flex wp-block-buttons-is-layout-flex\">\n<div class=\"wp-block-button\"><a class=\"wp-block-button__link wp-element-button\" href=\"https:\/\/skolnet.fi\/?page_id=3798\">Tutustu vanhoihin hallituksiin t\u00e4\u00e4ll\u00e4!<\/a><\/div>\n<\/div>\n\n\n\n<p><\/p>\n","protected":false},"excerpt":{"rendered":"<p>Vuoden 2026 hallitus Ota yhteytt\u00e4 koko hallitukseen skol.hallitus@gmail.com Piia Prusila Puheenjohtaja ja kaupunkiyhteisty\u00f6vastaava S\u00e4de Saari Varapuheenjohtaja ja talousvastaava Mirella R\u00e4is\u00e4nen Sihteeri ja podcast-vastaava Valtteri S\u00e4yn\u00e4j\u00e4kangas Edunvalvonta- ja yhdenvertaisuusvastaava Maria Tuuliainen Risteily- ja KAAOS- vastaava Anni Harju Ty\u00f6el\u00e4m\u00e4- ja yritysyhteisty\u00f6vastaava Julia Karhu Ty\u00f6el\u00e4m\u00e4- ja podcast-vastaava Sanni Ij\u00e4s Viestint\u00e4vastaava Toimihenkil\u00f6t 2026 Maija Huovila, risteilytoimihenkil\u00f6 Pinja Tirkkonen, risteilytoimihenkil\u00f6<\/p>\n","protected":false},"author":2,"featured_media":0,"parent":9,"menu_order":0,"comment_status":"closed","ping_status":"closed","template":"","meta":{"_themeisle_gutenberg_block_has_review":false,"footnotes":""},"class_list":["post-1248","page","type-page","status-publish","hentry"],"_links":{"self":[{"href":"https:\/\/skolnet.fi\/index.php?rest_route=\/wp\/v2\/pages\/1248","targetHints":{"allow":["GET"]}}],"collection":[{"href":"https:\/\/skolnet.fi\/index.php?rest_route=\/wp\/v2\/pages"}],"about":[{"href":"https:\/\/skolnet.fi\/index.php?rest_route=\/wp\/v2\/types\/page"}],"author":[{"embeddable":true,"href":"https:\/\/skolnet.fi\/index.php?rest_route=\/wp\/v2\/users\/2"}],"replies":[{"embeddable":true,"href":"https:\/\/skolnet.fi\/index.php?rest_route=%2Fwp%2Fv2%2Fcomments&post=1248"}],"version-history":[{"count":46,"href":"https:\/\/skolnet.fi\/index.php?rest_route=\/wp\/v2\/pages\/1248\/revisions"}],"predecessor-version":[{"id":3820,"href":"https:\/\/skolnet.fi\/index.php?rest_route=\/wp\/v2\/pages\/1248\/revisions\/3820"}],"up":[{"embeddable":true,"href":"https:\/\/skolnet.fi\/index.php?rest_route=\/wp\/v2\/pages\/9"}],"wp:attachment":[{"href":"https:\/\/skolnet.fi\/index.php?rest_route=%2Fwp%2Fv2%2Fmedia&parent=1248"}],"curies":[{"name":"wp","href":"https:\/\/api.w.org\/{rel}","templated":true}]}}