{"id":1801,"date":"2022-10-26T18:40:41","date_gmt":"2022-10-26T15:40:41","guid":{"rendered":"https:\/\/skolnet.fi\/?page_id=1801"},"modified":"2025-02-22T12:25:42","modified_gmt":"2025-02-22T10:25:42","slug":"yhteistyotahot","status":"publish","type":"page","link":"https:\/\/skolnet.fi\/?page_id=1801","title":{"rendered":"Yritysyhteisty\u00f6"},"content":{"rendered":"\n<p>SKOL tekee jatkuvasti yhteisty\u00f6t\u00e4 kasvatustieteiden opiskelijoiden kannalta keskeisten kumppaneiden kanssa. T\u00e4m\u00e4nhetkiset yhteisty\u00f6kumppanimme ovat &nbsp;Specia \u2013 Asiantuntijat ja esihenkil\u00f6t ry, EPALE ja SVV &#8211; Sivistysty\u00f6n vapaus ja vastuu.<\/p>\n\n\n\n<div id=\"wp-block-themeisle-blocks-button-group-26405542\" class=\"wp-block-themeisle-blocks-button-group wp-block-buttons\">\n<div id=\"wp-block-themeisle-blocks-button-b648d2f3\" class=\"wp-block-themeisle-blocks-button wp-block-button\"><a href=\"https:\/\/skolnet.fi\/?page_id=8\" target=\"_self\" rel=\"noopener noreferrer\" class=\"wp-block-button__link\"><span>Laita meille viesti\u00e4<\/span><\/a><\/div>\n<\/div>\n\n\n\n<p><\/p>\n","protected":false},"excerpt":{"rendered":"<p>SKOL tekee jatkuvasti yhteisty\u00f6t\u00e4 kasvatustieteiden opiskelijoiden kannalta keskeisten kumppaneiden kanssa. T\u00e4m\u00e4nhetkiset yhteisty\u00f6kumppanimme ovat &nbsp;Specia \u2013 Asiantuntijat ja esihenkil\u00f6t ry, EPALE ja SVV &#8211; Sivistysty\u00f6n vapaus ja vastuu.<\/p>\n","protected":false},"author":2,"featured_media":0,"parent":0,"menu_order":0,"comment_status":"closed","ping_status":"closed","template":"","meta":{"_themeisle_gutenberg_block_has_review":false,"footnotes":""},"class_list":["post-1801","page","type-page","status-publish","hentry"],"_links":{"self":[{"href":"https:\/\/skolnet.fi\/index.php?rest_route=\/wp\/v2\/pages\/1801","targetHints":{"allow":["GET"]}}],"collection":[{"href":"https:\/\/skolnet.fi\/index.php?rest_route=\/wp\/v2\/pages"}],"about":[{"href":"https:\/\/skolnet.fi\/index.php?rest_route=\/wp\/v2\/types\/page"}],"author":[{"embeddable":true,"href":"https:\/\/skolnet.fi\/index.php?rest_route=\/wp\/v2\/users\/2"}],"replies":[{"embeddable":true,"href":"https:\/\/skolnet.fi\/index.php?rest_route=%2Fwp%2Fv2%2Fcomments&post=1801"}],"version-history":[{"count":5,"href":"https:\/\/skolnet.fi\/index.php?rest_route=\/wp\/v2\/pages\/1801\/revisions"}],"predecessor-version":[{"id":3298,"href":"https:\/\/skolnet.fi\/index.php?rest_route=\/wp\/v2\/pages\/1801\/revisions\/3298"}],"wp:attachment":[{"href":"https:\/\/skolnet.fi\/index.php?rest_route=%2Fwp%2Fv2%2Fmedia&parent=1801"}],"curies":[{"name":"wp","href":"https:\/\/api.w.org\/{rel}","templated":true}]}}