{"id":1858,"date":"2022-11-07T20:11:12","date_gmt":"2022-11-07T18:11:12","guid":{"rendered":"https:\/\/skolnet.fi\/?page_id=1858"},"modified":"2025-12-06T21:41:07","modified_gmt":"2025-12-06T19:41:07","slug":"edunvalvonta","status":"publish","type":"page","link":"https:\/\/skolnet.fi\/?page_id=1858","title":{"rendered":"Edunvalvonta"},"content":{"rendered":"\n<p>Vuodesta 2021 alkaen SKOL on kirjannut edunvalvonnan yhdeksi vastuualueekseen. SKOL toimii valtakunnallisen tason edunvalvojana ja kasvatustieteiden puolestapuhujana. Se voi tehd\u00e4 mm. kannanottoja tai lausuntoja kasvatustieteiden opintojen saralla, ja auttaa j\u00e4senj\u00e4rjest\u00f6j\u00e4 isommissa edunvalvonnallisissa kysymyksiss\u00e4.<\/p>\n\n\n\n<div class=\"wp-block-buttons is-layout-flex wp-block-buttons-is-layout-flex\">\n<div class=\"wp-block-button\"><a class=\"wp-block-button__link wp-element-button\" href=\"https:\/\/skolnet.fi\/wp-content\/uploads\/2025\/12\/Linjapaperi-2025-2029.pdf\" target=\"_blank\" rel=\"noreferrer noopener\">Edunvalvonnan linjapaperi<\/a><\/div>\n\n\n\n<div class=\"wp-block-button\"><a class=\"wp-block-button__link wp-element-button\" href=\"https:\/\/skolnet.fi\/wp-content\/uploads\/2025\/02\/Turvallisemman-tilan-periaatteet-1.pdf\" target=\"_blank\" rel=\"noreferrer noopener\">Turvallisemman tilan periaatteet<\/a><\/div>\n<\/div>\n\n\n\n<p>Yll\u00e4 voit tutustua edunvalvonnan linjapaperiin vuosille 2025-2029 sek\u00e4 SKOLin turvallisemman tilan periaatteisiin. <\/p>\n","protected":false},"excerpt":{"rendered":"<p>Vuodesta 2021 alkaen SKOL on kirjannut edunvalvonnan yhdeksi vastuualueekseen. SKOL toimii valtakunnallisen tason edunvalvojana ja kasvatustieteiden puolestapuhujana. Se voi tehd\u00e4 mm. kannanottoja tai lausuntoja kasvatustieteiden opintojen saralla, ja auttaa j\u00e4senj\u00e4rjest\u00f6j\u00e4 isommissa edunvalvonnallisissa kysymyksiss\u00e4. Yll\u00e4 voit tutustua edunvalvonnan linjapaperiin vuosille 2025-2029 sek\u00e4 SKOLin turvallisemman tilan periaatteisiin.<\/p>\n","protected":false},"author":2,"featured_media":0,"parent":0,"menu_order":0,"comment_status":"closed","ping_status":"closed","template":"","meta":{"_themeisle_gutenberg_block_has_review":false,"footnotes":""},"class_list":["post-1858","page","type-page","status-publish","hentry"],"_links":{"self":[{"href":"https:\/\/skolnet.fi\/index.php?rest_route=\/wp\/v2\/pages\/1858","targetHints":{"allow":["GET"]}}],"collection":[{"href":"https:\/\/skolnet.fi\/index.php?rest_route=\/wp\/v2\/pages"}],"about":[{"href":"https:\/\/skolnet.fi\/index.php?rest_route=\/wp\/v2\/types\/page"}],"author":[{"embeddable":true,"href":"https:\/\/skolnet.fi\/index.php?rest_route=\/wp\/v2\/users\/2"}],"replies":[{"embeddable":true,"href":"https:\/\/skolnet.fi\/index.php?rest_route=%2Fwp%2Fv2%2Fcomments&post=1858"}],"version-history":[{"count":7,"href":"https:\/\/skolnet.fi\/index.php?rest_route=\/wp\/v2\/pages\/1858\/revisions"}],"predecessor-version":[{"id":3762,"href":"https:\/\/skolnet.fi\/index.php?rest_route=\/wp\/v2\/pages\/1858\/revisions\/3762"}],"wp:attachment":[{"href":"https:\/\/skolnet.fi\/index.php?rest_route=%2Fwp%2Fv2%2Fmedia&parent=1858"}],"curies":[{"name":"wp","href":"https:\/\/api.w.org\/{rel}","templated":true}]}}