{"id":1982,"date":"2023-01-28T13:28:47","date_gmt":"2023-01-28T11:28:47","guid":{"rendered":"https:\/\/skolnet.fi\/?page_id=1982"},"modified":"2025-02-22T10:37:35","modified_gmt":"2025-02-22T08:37:35","slug":"opiskelijan-tyoelamaopas","status":"publish","type":"page","link":"https:\/\/skolnet.fi\/?page_id=1982","title":{"rendered":"Opiskelijan ty\u00f6el\u00e4m\u00e4opas"},"content":{"rendered":"\n<p>T\u00e4lt\u00e4 sivulta l\u00f6yd\u00e4t SKOLin ty\u00f6el\u00e4m\u00e4oppaan kasvatustieteiden opiskelijalle. Oppaan tarkoituksena on lis\u00e4t\u00e4 opiskelijan ymm\u00e4rryst\u00e4 ja innostusta alasta, kasvatustieteiden ty\u00f6kent\u00e4st\u00e4 sek\u00e4 ty\u00f6mahdollisuuksista. Se avustaa ty\u00f6nantajia ja muita sidosryhmi\u00e4 siin\u00e4, mit\u00e4 kasvatustieteilij\u00e4n asiantuntijuus on. Voit lukea ty\u00f6el\u00e4m\u00e4oppaan alla olevan linkin kautta.<\/p>\n\n\n\n<div id=\"wp-block-themeisle-blocks-button-group-ff393c80\" class=\"wp-block-themeisle-blocks-button-group wp-block-buttons\">\n<div id=\"wp-block-themeisle-blocks-button-46e20919\" class=\"wp-block-themeisle-blocks-button wp-block-button\"><a href=\"https:\/\/skolnet.fi\/wp-content\/uploads\/2025\/02\/Tyoelamaopas_pdf-3-1.pdf\" target=\"_blank\" rel=\"noopener noreferrer\" class=\"wp-block-button__link\"><span>Lataa ty\u00f6el\u00e4m\u00e4opas<\/span><\/a><\/div>\n<\/div>\n","protected":false},"excerpt":{"rendered":"<p>T\u00e4lt\u00e4 sivulta l\u00f6yd\u00e4t SKOLin ty\u00f6el\u00e4m\u00e4oppaan kasvatustieteiden opiskelijalle. Oppaan tarkoituksena on lis\u00e4t\u00e4 opiskelijan ymm\u00e4rryst\u00e4 ja innostusta alasta, kasvatustieteiden ty\u00f6kent\u00e4st\u00e4 sek\u00e4 ty\u00f6mahdollisuuksista. Se avustaa ty\u00f6nantajia ja muita sidosryhmi\u00e4 siin\u00e4, mit\u00e4 kasvatustieteilij\u00e4n asiantuntijuus on. Voit lukea ty\u00f6el\u00e4m\u00e4oppaan alla olevan linkin kautta.<\/p>\n","protected":false},"author":2,"featured_media":0,"parent":427,"menu_order":0,"comment_status":"closed","ping_status":"closed","template":"","meta":{"_themeisle_gutenberg_block_has_review":false,"footnotes":""},"class_list":["post-1982","page","type-page","status-publish","hentry"],"_links":{"self":[{"href":"https:\/\/skolnet.fi\/index.php?rest_route=\/wp\/v2\/pages\/1982","targetHints":{"allow":["GET"]}}],"collection":[{"href":"https:\/\/skolnet.fi\/index.php?rest_route=\/wp\/v2\/pages"}],"about":[{"href":"https:\/\/skolnet.fi\/index.php?rest_route=\/wp\/v2\/types\/page"}],"author":[{"embeddable":true,"href":"https:\/\/skolnet.fi\/index.php?rest_route=\/wp\/v2\/users\/2"}],"replies":[{"embeddable":true,"href":"https:\/\/skolnet.fi\/index.php?rest_route=%2Fwp%2Fv2%2Fcomments&post=1982"}],"version-history":[{"count":5,"href":"https:\/\/skolnet.fi\/index.php?rest_route=\/wp\/v2\/pages\/1982\/revisions"}],"predecessor-version":[{"id":3258,"href":"https:\/\/skolnet.fi\/index.php?rest_route=\/wp\/v2\/pages\/1982\/revisions\/3258"}],"up":[{"embeddable":true,"href":"https:\/\/skolnet.fi\/index.php?rest_route=\/wp\/v2\/pages\/427"}],"wp:attachment":[{"href":"https:\/\/skolnet.fi\/index.php?rest_route=%2Fwp%2Fv2%2Fmedia&parent=1982"}],"curies":[{"name":"wp","href":"https:\/\/api.w.org\/{rel}","templated":true}]}}