{"id":2286,"date":"2025-01-24T14:08:36","date_gmt":"2025-01-24T14:08:36","guid":{"rendered":"https:\/\/skolnet.fi\/?page_id=2286"},"modified":"2025-11-11T14:29:05","modified_gmt":"2025-11-11T12:29:05","slug":"kasvisristeily","status":"publish","type":"page","link":"https:\/\/skolnet.fi\/?page_id=2286","title":{"rendered":"Kasvisrisse"},"content":{"rendered":"\n<figure class=\"wp-block-gallery has-nested-images columns-default is-cropped wp-block-gallery-1 is-layout-flex wp-block-gallery-is-layout-flex\">\n<figure class=\"wp-block-image aligncenter size-large\"><img decoding=\"async\" data-id=\"3576\" src=\"https:\/\/skolnet.fi\/wp-content\/uploads\/2025\/05\/WhatsApp-Kuva-2025-05-08-klo-14.40.50_ace5e033-1024x768.jpg\" alt=\"\" class=\"wp-image-3576\"\/><figcaption class=\"wp-element-caption\">Vuoden 2025 risteilylt\u00e4<\/figcaption><\/figure>\n<\/figure>\n\n\n\n<h4 class=\"wp-block-heading\">Kasvatustieteilij\u00f6iden vappu alkaa Kasvisristeilyst\u00e4!<\/h4>\n\n\n\n<p class=\"has-text-align-left\">Kasvisristeily on jokavuotinen Suomen kasvatustieteiden opiskelijat yhteen kokoava iloinen suurtapahtuma, joka ajoittuu perinteisesti kev\u00e4\u00e4lle huhtikuun alkuun. Risteilyn vet\u00e4j\u00e4ksi aikaisempina vuosina on valittu yksi j\u00e4senj\u00e4rjest\u00f6, jonka vastuulla on risteilyn suunnittelu ja toteuttaminen yhteisty\u00f6ss\u00e4 SKOLin kanssa. Vuonna 2024 ja 2025 risteilyn j\u00e4rjest\u00e4minen on ollut SKOLin risteilyvastaavan sek\u00e4 risteilytiimin vastuulla.<\/p>\n\n\n\n<p><strong>Vuoden 2025 Kasvisristeily<\/strong><\/p>\n\n\n\n<p>T\u00e4n\u00e4 kev\u00e4\u00e4n\u00e4 tapahtuma toteutettiin 22h-risteilyn\u00e4 3.-4.4. Matkasimme Helsingin satamasta kohti Tallinnaa. Laiva l\u00e4hti torstaina klo 18:35 ja saapui takaisin Helsinkiin klo 16. J\u00e4rjestimme l\u00e4ht\u00f6p\u00e4iv\u00e4n\u00e4 maksuttomat etkot Helsingiss\u00e4, Gustavus Rex -ainej\u00e4rjest\u00f6tilassa, osoitteessa Lepp\u00e4suonkatu 11. Ajankohtaista tietoa vuosittaisesta risteilyst\u00e4 l\u00f6yd\u00e4t Instagramista @kasvisrisse.<\/p>\n\n\n\n<p>L\u00e4mmin kiitos Kasvisristeilyn 2025 yhteisty\u00f6kumppaneille:<\/p>\n\n\n\n<ul class=\"wp-block-list\">\n<li>Sivistys ala ry \/ Sivista<\/li>\n\n\n\n<li>Opintokeskus Sivis<\/li>\n\n\n\n<li>Specia &#8211; Asiantuntijat ja esihenkil\u00f6t ry<\/li>\n\n\n\n<li>Kaalimato<\/li>\n\n\n\n<li>Merkkilabra<\/li>\n\n\n\n<li>Suomen Oikia Oy<\/li>\n<\/ul>\n","protected":false},"excerpt":{"rendered":"<p>Kasvatustieteilij\u00f6iden vappu alkaa Kasvisristeilyst\u00e4! Kasvisristeily on jokavuotinen Suomen kasvatustieteiden opiskelijat yhteen kokoava iloinen suurtapahtuma, joka ajoittuu perinteisesti kev\u00e4\u00e4lle huhtikuun alkuun. Risteilyn vet\u00e4j\u00e4ksi aikaisempina vuosina on valittu yksi j\u00e4senj\u00e4rjest\u00f6, jonka vastuulla on risteilyn suunnittelu ja toteuttaminen yhteisty\u00f6ss\u00e4 SKOLin kanssa. Vuonna 2024 ja 2025 risteilyn j\u00e4rjest\u00e4minen on ollut SKOLin risteilyvastaavan sek\u00e4 risteilytiimin vastuulla. Vuoden 2025 Kasvisristeily T\u00e4n\u00e4 [&hellip;]<\/p>\n","protected":false},"author":2,"featured_media":0,"parent":112,"menu_order":0,"comment_status":"closed","ping_status":"closed","template":"","meta":{"_themeisle_gutenberg_block_has_review":false,"footnotes":""},"class_list":["post-2286","page","type-page","status-publish","hentry"],"_links":{"self":[{"href":"https:\/\/skolnet.fi\/index.php?rest_route=\/wp\/v2\/pages\/2286","targetHints":{"allow":["GET"]}}],"collection":[{"href":"https:\/\/skolnet.fi\/index.php?rest_route=\/wp\/v2\/pages"}],"about":[{"href":"https:\/\/skolnet.fi\/index.php?rest_route=\/wp\/v2\/types\/page"}],"author":[{"embeddable":true,"href":"https:\/\/skolnet.fi\/index.php?rest_route=\/wp\/v2\/users\/2"}],"replies":[{"embeddable":true,"href":"https:\/\/skolnet.fi\/index.php?rest_route=%2Fwp%2Fv2%2Fcomments&post=2286"}],"version-history":[{"count":16,"href":"https:\/\/skolnet.fi\/index.php?rest_route=\/wp\/v2\/pages\/2286\/revisions"}],"predecessor-version":[{"id":3788,"href":"https:\/\/skolnet.fi\/index.php?rest_route=\/wp\/v2\/pages\/2286\/revisions\/3788"}],"up":[{"embeddable":true,"href":"https:\/\/skolnet.fi\/index.php?rest_route=\/wp\/v2\/pages\/112"}],"wp:attachment":[{"href":"https:\/\/skolnet.fi\/index.php?rest_route=%2Fwp%2Fv2%2Fmedia&parent=2286"}],"curies":[{"name":"wp","href":"https:\/\/api.w.org\/{rel}","templated":true}]}}