{"id":3798,"date":"2026-01-10T15:24:56","date_gmt":"2026-01-10T13:24:56","guid":{"rendered":"https:\/\/skolnet.fi\/?page_id=3798"},"modified":"2026-01-11T12:06:43","modified_gmt":"2026-01-11T10:06:43","slug":"aiemmat-hallitukset-2","status":"publish","type":"page","link":"https:\/\/skolnet.fi\/?page_id=3798","title":{"rendered":"Aiemmat hallitukset"},"content":{"rendered":"<h4>2018<\/h4>\n<p>Oona Hallasaari (puheenjohtaja)<\/p>\n<p>Alice J\u00e4ske (varapuheenjohtaja)<\/p>\n<p>Malva Envall (rahastonhoitaja)<\/p>\n<p>Johanna Ojama (sihteeri)<\/p>\n<h4>2019<\/h4>\n<p><span style=\"font-weight: 400;\">Alice J\u00e4ske (puheenjohtaja)<\/span><\/p>\n<p><span style=\"font-weight: 400;\">Johanna Ojama (varapuheenjohtaja)<\/span><\/p>\n<p><span style=\"font-weight: 400;\">Hanna Pullinen (rahastonhoitaja)<\/span><\/p>\n<p><span style=\"font-weight: 400;\">Oona Hallasaari (sihteeri)<\/span><\/p>\n<p><em><span style=\"font-weight: 400;\">sek\u00e4 muut hallituksen j\u00e4senet<\/span><\/em><\/p>\n<p><span style=\"font-weight: 400;\">Malva Envall<\/span><\/p>\n<p><span style=\"font-weight: 400;\">Jemina Hirvilammi<\/span><\/p>\n<p><span style=\"font-weight: 400;\">Linnea Saari<\/span><\/p>\n<p><span style=\"font-weight: 400;\">Suvi Poikela<\/span><\/p>\n<p><span style=\"font-weight: 400;\"> Hannamari Salkola<\/span><\/p>\n<p><span style=\"font-weight: 400;\">Jenni Pulska<\/span><\/p>\n<p><span style=\"font-weight: 400;\">Vivianne Ruohola<\/span><\/p>\n<p><em>sek\u00e4 toimihenkil\u00f6<\/em><\/p>\n<p>Stiina Holopainen <em>(vastuullisuus- ja yhdenvertaisuusvastaava; alumnitoiminta)<\/em><\/p>\n<h4>2020<\/h4>\n<p>Hannamari Salkola (puheenjohtaja)<\/p>\n<p>Johanna Ojama (varapuheenjohtaja)<\/p>\n<p>Anna Veijola (rahastonhoitaja)<\/p>\n<p>Riku Kallio (sihteeri)<\/p>\n<p><em><span style=\"font-weight: 400;\">sek\u00e4 muut hallituksen j\u00e4senet<\/span><\/em><\/p>\n<p>Suvi Poikela<\/p>\n<p>Taimi Laurikainen<\/p>\n<p>Lassi Rantanen<\/p>\n<p>Elina Tulkki<\/p>\n<p>Meri K\u00e4rki<\/p>\n<p>Lotta Ellonen<\/p>\n<p>Jasmin Sepp\u00e4l\u00e4<\/p>\n<p>Emmi Rantam\u00e4ki<\/p>\n<p><em>sek\u00e4 toimihenkil\u00f6t<\/em><\/p>\n<p><span style=\"font-weight: 400;\">Oona Hallasaari <em>(nettisivu-uudistus)<\/em><\/span><\/p>\n<p><span style=\"font-weight: 400;\">Hanna-Maria Pajari <em>(alumnitoiminta; Ideoi, osaa ja onnistu -ohjelma)<\/em><\/span><\/p>\n<p><span style=\"font-weight: 400;\">Kaija Lakio <em>(alumnitoiminta; mentorointiohjelma)<\/em><\/span><\/p>\n<h4>2021<\/h4>\n<p>Elina Tulkki (puheenjohtaja)<\/p>\n<p>Riku Kallio (varapuheenjohtaja)<\/p>\n<p>Jarkko Impola (rahastonhoitaja)<\/p>\n<p>Sara Pelli (sihteeri)<\/p>\n<p><em><span style=\"font-weight: 400;\">sek\u00e4 muut hallituksen j\u00e4senet<\/span><\/em><\/p>\n<p>Riikka Toiviainen<\/p>\n<p>Janna Karas<\/p>\n<p>Lotta Ellonen<\/p>\n<p>Sara Myllyoja<\/p>\n<p>Jasmin Sepp\u00e4l\u00e4<\/p>\n<p><em>sek\u00e4 toimihenkil\u00f6t<\/em><\/p>\n<p><span style=\"font-weight: 400;\">Justiina Pihlajamaa <em>(edunvalvonta)<\/em><\/span><\/p>\n<p><span style=\"font-weight: 400;\">Elina Ahonen <em>(edunvalvonta)<\/em><\/span><\/p>\n<p><span style=\"font-weight: 400;\">Veera-Sofia Nieminen <em>(podcast)<\/em><\/span><\/p>\n<p><span style=\"font-weight: 400;\">Sofia Sahin <em>(podcast)<\/em><\/span><\/p>\n<p><span style=\"font-weight: 400;\">Petra Kein\u00e4nen <em>(podcast)<\/em><\/span><\/p>\n<p><span style=\"font-weight: 400;\">Jenna Kyyhkynen <em>(podcast)<\/em><\/span><\/p>\n<h4>2022<\/h4>\n<p>Riikka Toiviainen (puheenjohtaja)<\/p>\n<p>Sara Pelli (varapuheenjohtaja)<\/p>\n<p>Jenna K\u00e4rki (rahastonhoitaja)<\/p>\n<p>Lotta Ellonen (Epale-l\u00e4hettil\u00e4s)<\/p>\n<h4>2023<\/h4>\n<p>Piia Sipari (puheenjohtaja)<\/p>\n<p>Elina Sorsa (varapuheenjohtaja)<\/p>\n<p>Oona Nykopp (rahastonhoitaja)<\/p>\n<p><em><span style=\"font-weight: 400;\">sek\u00e4 muut hallituksen j\u00e4senet<\/span><\/em><\/p>\n<p>Kristiina Kekkonen<\/p>\n<p>Meeri M\u00e4kinen<\/p>\n<p>Oula Hyle<\/p>\n<p>Riku Kallio<\/p>\n<p>Eetu Koski<\/p>\n\n\n<p><\/p>\n\n\n\n<h4 class=\"wp-block-heading\">2024<\/h4>\n\n\n\n<p>Laura Lappi (puheenjohtaja)<\/p>\n\n\n\n<p>Gabriel Fiskarholm (varapuheenjohtaja)<\/p>\n\n\n\n<p>Oona Nykopp (talousvastaava &amp; risteilyvastaava)<\/p>\n\n\n\n<p>Johanna Rytk\u00f6nen (ty\u00f6el\u00e4m\u00e4vastaava)<\/p>\n\n\n\n<p>Anette P\u00e4rssinen (viestint\u00e4 ja tapahtumat)<\/p>\n\n\n\n<p>Anni Harju (yritysyhteisty\u00f6 ja kaupunkiyhteisty\u00f6)<\/p>\n\n\n\n<p>Sina Nisula (EPALE ja edunvalvonta)<\/p>\n\n\n\n<p><\/p>\n\n\n\n<h3 class=\"wp-block-heading\">2025<\/h3>\n\n\n\n<p>Anni Harju (puheenjohtaja)<\/p>\n\n\n\n<p>S\u00e4de Saari (varapuheenjohtaja)<\/p>\n\n\n\n<p>Anette P\u00e4rssinen (talousvastaava)<\/p>\n\n\n\n<p>Aino Kolehmainen (sihteeri)<\/p>\n\n\n\n<p>Maria Tuuliainen (viestint\u00e4vastaava)<\/p>\n\n\n\n<p>Piia Prusila (kaupunkiyhteisty\u00f6vastaava)<\/p>\n\n\n\n<p>Julie Wiik (risteilyvastaava)<\/p>\n\n\n\n<p>Mariella Orhanen (ty\u00f6el\u00e4m\u00e4vastaava)<\/p>\n\n\n\n<p>Laura Lappi (edunvalvontavastaava)<\/p>\n\n\n\n<p>Johanna Rytk\u00f6nen (podcast-vastaava)<\/p>\n\n\n\n<p><\/p>\n\n\n\n<p>Toimihenkil\u00f6t: Piia Sipari ja Oona Nykopp<\/p>\n\n\n\n<p>Risteilytoimihenkil\u00f6t: Maija Huovila, Elina Kotilahti, Mariia Mikola, Elina Salmi ja Jenna Glad<\/p>\n\n\n\n<p>Ty\u00f6paikka-approtoimihenkil\u00f6t: Laura Oinonen, Janika Mattila ja Jenna Glad<\/p>\n","protected":false},"excerpt":{"rendered":"<p>2018 Oona Hallasaari (puheenjohtaja) Alice J\u00e4ske (varapuheenjohtaja) Malva Envall (rahastonhoitaja) Johanna Ojama (sihteeri) 2019 Alice J\u00e4ske (puheenjohtaja) Johanna Ojama (varapuheenjohtaja) Hanna Pullinen (rahastonhoitaja) Oona Hallasaari (sihteeri) sek\u00e4 muut hallituksen j\u00e4senet Malva Envall Jemina Hirvilammi Linnea Saari Suvi Poikela Hannamari Salkola Jenni Pulska Vivianne Ruohola sek\u00e4 toimihenkil\u00f6 Stiina Holopainen (vastuullisuus- ja yhdenvertaisuusvastaava; alumnitoiminta) 2020 Hannamari Salkola [&hellip;]<\/p>\n","protected":false},"author":1,"featured_media":0,"parent":1248,"menu_order":1,"comment_status":"closed","ping_status":"closed","template":"","meta":{"_themeisle_gutenberg_block_has_review":false,"footnotes":""},"class_list":["post-3798","page","type-page","status-publish","hentry"],"_links":{"self":[{"href":"https:\/\/skolnet.fi\/index.php?rest_route=\/wp\/v2\/pages\/3798","targetHints":{"allow":["GET"]}}],"collection":[{"href":"https:\/\/skolnet.fi\/index.php?rest_route=\/wp\/v2\/pages"}],"about":[{"href":"https:\/\/skolnet.fi\/index.php?rest_route=\/wp\/v2\/types\/page"}],"author":[{"embeddable":true,"href":"https:\/\/skolnet.fi\/index.php?rest_route=\/wp\/v2\/users\/1"}],"replies":[{"embeddable":true,"href":"https:\/\/skolnet.fi\/index.php?rest_route=%2Fwp%2Fv2%2Fcomments&post=3798"}],"version-history":[{"count":3,"href":"https:\/\/skolnet.fi\/index.php?rest_route=\/wp\/v2\/pages\/3798\/revisions"}],"predecessor-version":[{"id":3812,"href":"https:\/\/skolnet.fi\/index.php?rest_route=\/wp\/v2\/pages\/3798\/revisions\/3812"}],"up":[{"embeddable":true,"href":"https:\/\/skolnet.fi\/index.php?rest_route=\/wp\/v2\/pages\/1248"}],"wp:attachment":[{"href":"https:\/\/skolnet.fi\/index.php?rest_route=%2Fwp%2Fv2%2Fmedia&parent=3798"}],"curies":[{"name":"wp","href":"https:\/\/api.w.org\/{rel}","templated":true}]}}