{"id":429,"date":"2021-02-24T13:28:32","date_gmt":"2021-02-24T11:28:32","guid":{"rendered":"https:\/\/skolnet.fi\/?page_id=429"},"modified":"2025-02-22T12:14:31","modified_gmt":"2025-02-22T10:14:31","slug":"specia","status":"publish","type":"page","link":"https:\/\/skolnet.fi\/?page_id=429","title":{"rendered":"Specia &#8211; Asiantuntijat ja esihenkil\u00f6t ry"},"content":{"rendered":"\n<p class=\"has-text-align-left\">Specia on akavalainen ammattij\u00e4rjest\u00f6, joka edustaa asiantuntijoita ja esihenkil\u00f6it\u00e4 sek\u00e4 FM- ja KM-asiantuntijakoulutuksissa opiskelevia. Specian j\u00e4senen\u00e4 voit kouluttautua ammatillisesti, verkostoitua ja hy\u00f6dynt\u00e4\u00e4 ty\u00f6nhaku- ja urasuunnittelupalveluita. Specia valvoo etujasi kaikissa urasi eri vaiheissa. Edunvalvonnassa t\u00e4rkeit\u00e4 teemoja ovat esimerkiksi ty\u00f6el\u00e4m\u00e4n tasa-arvo, joustojen lis\u00e4\u00e4minen sek\u00e4 jatkuvan oppimisen mahdollisuuksien turvaaminen. Specia tarjoaa j\u00e4senilleen muun muassa lakipalveluita, koulutuksia ja koulutustukea. Tutustu Speciaan ja sen tarjoamiin palveluihin tarkemmin <a href=\"https:\/\/specia.fi\">t\u00e4st\u00e4<\/a>.<\/p>\n\n\n\n<p class=\"has-text-align-left\">Erityisesti opiskelijoille suunnattuihin materiaaleihin p\u00e4\u00e4set tutustumaan <a href=\"https:\/\/specia.fi\/palvelut\/opiskelijalle\/\">Opiskelijalle-sivulta<\/a>, josta l\u00f6yd\u00e4t muun muassa korkeakouluharjoittelu- ja Kasvatustieteilij\u00e4t ty\u00f6el\u00e4m\u00e4ss\u00e4 \u2013 oppaat, joista l\u00f6yd\u00e4t tietoa asiantuntijateht\u00e4viin valmistuvien kasvatustieteilij\u00f6iden ty\u00f6llistymisest\u00e4, vinkkej\u00e4 urasuunnitteluun sek\u00e4 tukea ty\u00f6suhteiden kiemuroihin. Sivuilta l\u00f6yd\u00e4t my\u00f6s materiaalia ty\u00f6nhaun tueksi!<\/p>\n\n\n\n<p class=\"has-text-align-left\">Liittym\u00e4ll\u00e4 Specian j\u00e4seneksi jo opiskeluaikana saat k\u00e4ytt\u00f6\u00f6si kaikki Specian palvelut ja olet mukana ajamassa kasvatustieteilij\u00f6iden etua koulutuspolitiikan ja ty\u00f6markkinoiden kent\u00e4ll\u00e4. <a href=\"https:\/\/specia.fi\/jasenyys\/\">Liity<\/a> nyt j\u00e4seneksi!<\/p>\n\n\n\n<p class=\"has-text-align-left\">Liittymisen yhteydess\u00e4 suositeltavaa liitty\u00e4 my\u00f6s Erityiskoulutettujen ty\u00f6tt\u00f6myyskassa Erkoon, joka tarjoaa ansiosidonnaisen ty\u00f6tt\u00f6myysturvan sen varalta, jos ty\u00f6el\u00e4m\u00e4ss\u00e4 kohtaakin ty\u00f6tt\u00f6myysjaksoja. Ansiosidonnaiseen ty\u00f6tt\u00f6myysturvaan oikeuttavan ty\u00f6ss\u00e4oloehdon saat kerrytetty\u00e4 esimerkiksi kahden kes\u00e4n t\u00f6ill\u00e4.<\/p>\n\n\n\n<div id=\"wp-block-themeisle-blocks-button-group-e8a1afb1\" class=\"wp-block-themeisle-blocks-button-group wp-block-buttons\">\n<div id=\"wp-block-themeisle-blocks-button-a708a6d0\" class=\"wp-block-themeisle-blocks-button wp-block-button\"><a href=\"https:\/\/specia.fi\/palvelut\/opiskelijalle\/\" target=\"_blank\" rel=\"noopener noreferrer\" class=\"wp-block-button__link\"><span>Opiskelijalle<\/span><\/a><\/div>\n\n\n\n<div id=\"wp-block-themeisle-blocks-button-c1a72e90\" class=\"wp-block-themeisle-blocks-button wp-block-button\"><a href=\"https:\/\/specia.fi\/palvelut\/urasuunnittelu-ja-tyonhaku\/\" target=\"_blank\" rel=\"noopener noreferrer\" class=\"wp-block-button__link\"><span>Ty\u00f6nhaku<\/span><\/a><\/div>\n\n\n\n<div id=\"wp-block-themeisle-blocks-button-d0c59a69\" class=\"wp-block-themeisle-blocks-button wp-block-button\"><a href=\"https:\/\/specia.fi\/jasenyys\/\" target=\"_blank\" rel=\"noopener noreferrer\" class=\"wp-block-button__link\"><span>Liity Speciaan<\/span><\/a><\/div>\n<\/div>\n\n\n\n<p><\/p>\n","protected":false},"excerpt":{"rendered":"<p>Specia on akavalainen ammattij\u00e4rjest\u00f6, joka edustaa asiantuntijoita ja esihenkil\u00f6it\u00e4 sek\u00e4 FM- ja KM-asiantuntijakoulutuksissa opiskelevia. Specian j\u00e4senen\u00e4 voit kouluttautua ammatillisesti, verkostoitua ja hy\u00f6dynt\u00e4\u00e4 ty\u00f6nhaku- ja urasuunnittelupalveluita. Specia valvoo etujasi kaikissa urasi eri vaiheissa. Edunvalvonnassa t\u00e4rkeit\u00e4 teemoja ovat esimerkiksi ty\u00f6el\u00e4m\u00e4n tasa-arvo, joustojen lis\u00e4\u00e4minen sek\u00e4 jatkuvan oppimisen mahdollisuuksien turvaaminen. Specia tarjoaa j\u00e4senilleen muun muassa lakipalveluita, koulutuksia ja koulutustukea. [&hellip;]<\/p>\n","protected":false},"author":2,"featured_media":0,"parent":1801,"menu_order":0,"comment_status":"closed","ping_status":"closed","template":"","meta":{"_themeisle_gutenberg_block_has_review":false,"footnotes":""},"class_list":["post-429","page","type-page","status-publish","hentry"],"_links":{"self":[{"href":"https:\/\/skolnet.fi\/index.php?rest_route=\/wp\/v2\/pages\/429","targetHints":{"allow":["GET"]}}],"collection":[{"href":"https:\/\/skolnet.fi\/index.php?rest_route=\/wp\/v2\/pages"}],"about":[{"href":"https:\/\/skolnet.fi\/index.php?rest_route=\/wp\/v2\/types\/page"}],"author":[{"embeddable":true,"href":"https:\/\/skolnet.fi\/index.php?rest_route=\/wp\/v2\/users\/2"}],"replies":[{"embeddable":true,"href":"https:\/\/skolnet.fi\/index.php?rest_route=%2Fwp%2Fv2%2Fcomments&post=429"}],"version-history":[{"count":3,"href":"https:\/\/skolnet.fi\/index.php?rest_route=\/wp\/v2\/pages\/429\/revisions"}],"predecessor-version":[{"id":3294,"href":"https:\/\/skolnet.fi\/index.php?rest_route=\/wp\/v2\/pages\/429\/revisions\/3294"}],"up":[{"embeddable":true,"href":"https:\/\/skolnet.fi\/index.php?rest_route=\/wp\/v2\/pages\/1801"}],"wp:attachment":[{"href":"https:\/\/skolnet.fi\/index.php?rest_route=%2Fwp%2Fv2%2Fmedia&parent=429"}],"curies":[{"name":"wp","href":"https:\/\/api.w.org\/{rel}","templated":true}]}}