{"id":485,"date":"2025-02-24T16:13:57","date_gmt":"2025-02-24T14:13:57","guid":{"rendered":"https:\/\/skolnet.fi\/?page_id=485"},"modified":"2025-11-11T14:28:20","modified_gmt":"2025-11-11T12:28:20","slug":"liiton-kokoukset","status":"publish","type":"page","link":"https:\/\/skolnet.fi\/?page_id=485","title":{"rendered":"Kokousp\u00f6yt\u00e4kirjat"},"content":{"rendered":"\n<p>Suomen Kasvatustieteiden Opiskelijoiden Liiton p\u00f6yt\u00e4kirjat ovat julkisia dokumentteja, joita jokaisen on oikeus selata. Hallituksen kokousten p\u00f6yt\u00e4kirjat sek\u00e4 yhdistyksen kokousten p\u00f6yt\u00e4kirjat menneilt\u00e4 vuosilta l\u00f6yd\u00e4t t\u00e4m\u00e4n p\u00e4\u00e4sivun alavalikosta.<\/p>\n\n\n\n<p>Kysymykset p\u00f6yt\u00e4kirjoihin ja niiden sis\u00e4lt\u00f6ihin liittyen voi tarvittaessa esitt\u00e4\u00e4 sen hetkisen hallituksen puheenjohtajalle.<\/p>\n","protected":false},"excerpt":{"rendered":"<p>Suomen Kasvatustieteiden Opiskelijoiden Liiton p\u00f6yt\u00e4kirjat ovat julkisia dokumentteja, joita jokaisen on oikeus selata. Hallituksen kokousten p\u00f6yt\u00e4kirjat sek\u00e4 yhdistyksen kokousten p\u00f6yt\u00e4kirjat menneilt\u00e4 vuosilta l\u00f6yd\u00e4t t\u00e4m\u00e4n p\u00e4\u00e4sivun alavalikosta. Kysymykset p\u00f6yt\u00e4kirjoihin ja niiden sis\u00e4lt\u00f6ihin liittyen voi tarvittaessa esitt\u00e4\u00e4 sen hetkisen hallituksen puheenjohtajalle.<\/p>\n","protected":false},"author":2,"featured_media":0,"parent":9,"menu_order":0,"comment_status":"closed","ping_status":"closed","template":"","meta":{"_themeisle_gutenberg_block_has_review":false,"footnotes":""},"class_list":["post-485","page","type-page","status-publish","hentry"],"_links":{"self":[{"href":"https:\/\/skolnet.fi\/index.php?rest_route=\/wp\/v2\/pages\/485","targetHints":{"allow":["GET"]}}],"collection":[{"href":"https:\/\/skolnet.fi\/index.php?rest_route=\/wp\/v2\/pages"}],"about":[{"href":"https:\/\/skolnet.fi\/index.php?rest_route=\/wp\/v2\/types\/page"}],"author":[{"embeddable":true,"href":"https:\/\/skolnet.fi\/index.php?rest_route=\/wp\/v2\/users\/2"}],"replies":[{"embeddable":true,"href":"https:\/\/skolnet.fi\/index.php?rest_route=%2Fwp%2Fv2%2Fcomments&post=485"}],"version-history":[{"count":4,"href":"https:\/\/skolnet.fi\/index.php?rest_route=\/wp\/v2\/pages\/485\/revisions"}],"predecessor-version":[{"id":3720,"href":"https:\/\/skolnet.fi\/index.php?rest_route=\/wp\/v2\/pages\/485\/revisions\/3720"}],"up":[{"embeddable":true,"href":"https:\/\/skolnet.fi\/index.php?rest_route=\/wp\/v2\/pages\/9"}],"wp:attachment":[{"href":"https:\/\/skolnet.fi\/index.php?rest_route=%2Fwp%2Fv2%2Fmedia&parent=485"}],"curies":[{"name":"wp","href":"https:\/\/api.w.org\/{rel}","templated":true}]}}