{"id":9,"date":"2020-11-13T09:25:15","date_gmt":"2020-11-13T07:25:15","guid":{"rendered":"https:\/\/skolnet.fi\/?page_id=9"},"modified":"2025-02-07T08:42:06","modified_gmt":"2025-02-07T08:42:06","slug":"about","status":"publish","type":"page","link":"https:\/\/skolnet.fi\/?page_id=9","title":{"rendered":"Tietoa SKOLista"},"content":{"rendered":"\n<div class=\"wp-block-group alignfull is-layout-flow wp-block-group-is-layout-flow\">\n<div class=\"wp-block-columns is-layout-flex wp-container-core-columns-is-layout-28f84493 wp-block-columns-is-layout-flex\">\n<div class=\"wp-block-column is-layout-flow wp-block-column-is-layout-flow\" style=\"flex-basis:100%\"><\/div>\n<\/div>\n<\/div>\n\n\n\n<h2 class=\"wp-block-heading\">Palveluita j\u00e4senyhdistyksille sek\u00e4 niiden j\u00e4senille<\/h2>\n\n\n\n<p>Suomen Kasvatustieteiden Opiskelijoiden Liiton teht\u00e4v\u00e4n\u00e4 on kehitt\u00e4\u00e4 yhteisty\u00f6t\u00e4 eri kaupunkien kasvatustieteiden opiskelijoiden v\u00e4lill\u00e4 sek\u00e4 vahvistaa kasvatustieteilij\u00f6iden br\u00e4ndi\u00e4 ty\u00f6markkinoilla. Tavoitteena on lis\u00e4t\u00e4 kasvatustieteiden opiskelijaj\u00e4rjest\u00f6jen yhteistoimintaa ja tehd\u00e4 kaupunkien v\u00e4listen yhteisty\u00f6kuvioiden toteutumisen helpoksi toimimalla linkkin\u00e4 j\u00e4rjest\u00f6jen v\u00e4lill\u00e4, sek\u00e4 omalta osaltaan toteuttaa kaikille yhteist\u00e4 toimintaa. Voit tutustua SKOLin syntytarinaan\u00a0<a href=\"https:\/\/skolnet.fi\/2018\/09\/14\/kasvatustieteilijat-saivat-kansallisen-yhteistyojarjeston-opiskelijavoimin\/\">t\u00e4\u00e4ll\u00e4<\/a>.<\/p>\n\n\n\n<p>SKOL pyrkii br\u00e4nd\u00e4\u00e4m\u00e4\u00e4n kasvatustieteit\u00e4 omana tieteenalanaan ja v\u00e4litt\u00e4m\u00e4\u00e4n tietoa siit\u00e4, mit\u00e4 kasvatustieteilij\u00f6ill\u00e4 on tarjota ty\u00f6markkinoille, mitk\u00e4 ovat kasvatustieteilij\u00f6iden valttikortteja ty\u00f6el\u00e4m\u00e4ss\u00e4 ja mist\u00e4 kasvatustieteen opinnot koostuvat. Tavoitteena on my\u00f6s v\u00e4litt\u00e4\u00e4 arvokasta tietoa kasvatustieteilij\u00f6ist\u00e4 yhteisty\u00f6kumppaneina kiinnostuneille tai ty\u00f6ntekij\u00f6in\u00e4 hy\u00f6tyville tahoille. Halunamme on my\u00f6s tiedottaa kasvatustieteist\u00e4 korkeakouluhakijoille. J\u00e4senj\u00e4rjest\u00f6jen ja SKOLin v\u00e4lisell\u00e4 yhteisty\u00f6ll\u00e4 vahvistamme yhteishenke\u00e4 kasvatustieteiden opiskelijoiden keskuudessa ymp\u00e4ri Suomea ja luomme yhdess\u00e4 kasvatustieteilij\u00f6ille vahvempaa jalansijaa ty\u00f6el\u00e4m\u00e4ss\u00e4!<\/p>\n\n\n\n<p>Liiton hallitus valitaan vuodeksi kerrallaan ja vuosikokouksessa \u00e4\u00e4nioikeutta k\u00e4ytt\u00e4v\u00e4t j\u00e4senj\u00e4rjest\u00f6t.<\/p>\n\n\n\n<h6 class=\"wp-block-heading\">In English<\/h6>\n\n\n\n<p>Suomen Kasvatustieteiden Opiskelijoiden Liitto ry (shortly SKOL) has been founded to increase co-operation among students in the field of education. The Union organizes events for students of education nationally and creates and strengthens the brand of education professionals.<\/p>\n","protected":false},"excerpt":{"rendered":"<p>Palveluita j\u00e4senyhdistyksille sek\u00e4 niiden j\u00e4senille Suomen Kasvatustieteiden Opiskelijoiden Liiton teht\u00e4v\u00e4n\u00e4 on kehitt\u00e4\u00e4 yhteisty\u00f6t\u00e4 eri kaupunkien kasvatustieteiden opiskelijoiden v\u00e4lill\u00e4 sek\u00e4 vahvistaa kasvatustieteilij\u00f6iden br\u00e4ndi\u00e4 ty\u00f6markkinoilla. Tavoitteena on lis\u00e4t\u00e4 kasvatustieteiden opiskelijaj\u00e4rjest\u00f6jen yhteistoimintaa ja tehd\u00e4 kaupunkien v\u00e4listen yhteisty\u00f6kuvioiden toteutumisen helpoksi toimimalla linkkin\u00e4 j\u00e4rjest\u00f6jen v\u00e4lill\u00e4, sek\u00e4 omalta osaltaan toteuttaa kaikille yhteist\u00e4 toimintaa. Voit tutustua SKOLin syntytarinaan\u00a0t\u00e4\u00e4ll\u00e4. SKOL pyrkii br\u00e4nd\u00e4\u00e4m\u00e4\u00e4n kasvatustieteit\u00e4 [&hellip;]<\/p>\n","protected":false},"author":2,"featured_media":0,"parent":0,"menu_order":0,"comment_status":"closed","ping_status":"closed","template":"","meta":{"_themeisle_gutenberg_block_has_review":false,"footnotes":""},"class_list":["post-9","page","type-page","status-publish","hentry"],"_links":{"self":[{"href":"https:\/\/skolnet.fi\/index.php?rest_route=\/wp\/v2\/pages\/9","targetHints":{"allow":["GET"]}}],"collection":[{"href":"https:\/\/skolnet.fi\/index.php?rest_route=\/wp\/v2\/pages"}],"about":[{"href":"https:\/\/skolnet.fi\/index.php?rest_route=\/wp\/v2\/types\/page"}],"author":[{"embeddable":true,"href":"https:\/\/skolnet.fi\/index.php?rest_route=\/wp\/v2\/users\/2"}],"replies":[{"embeddable":true,"href":"https:\/\/skolnet.fi\/index.php?rest_route=%2Fwp%2Fv2%2Fcomments&post=9"}],"version-history":[{"count":3,"href":"https:\/\/skolnet.fi\/index.php?rest_route=\/wp\/v2\/pages\/9\/revisions"}],"predecessor-version":[{"id":3095,"href":"https:\/\/skolnet.fi\/index.php?rest_route=\/wp\/v2\/pages\/9\/revisions\/3095"}],"wp:attachment":[{"href":"https:\/\/skolnet.fi\/index.php?rest_route=%2Fwp%2Fv2%2Fmedia&parent=9"}],"curies":[{"name":"wp","href":"https:\/\/api.w.org\/{rel}","templated":true}]}}